{"id":2,"date":"2012-05-02T07:58:29","date_gmt":"2012-05-02T07:58:29","guid":{"rendered":"http:\/\/musikverein-buechenberg.de\/?page_id=2"},"modified":"2020-10-09T08:29:02","modified_gmt":"2020-10-09T08:29:02","slug":"beispiel-seite","status":"publish","type":"page","link":"https:\/\/musikverein-buechenberg.de\/","title":{"rendered":"Willkommen\/Startseite"},"content":{"rendered":"<h6 style=\"text-align: center;\"><strong>Wichtig!<\/strong><\/h6>\n<h6 style=\"text-align: center;\"><strong>Wir haben ein neues Vorstands-Team (siehe Vorstand)<\/strong><\/h6>\n<p style=\"text-align: center;\"><strong>NEUE KONTAKTDATEN F\u00dcR AUFTRITTSANFRAGEN<\/strong><\/p>\n<p style=\"text-align: center;\"><strong>CHRISTIAN HALBLEIB<\/strong><\/p>\n<p style=\"text-align: center;\"><strong>Jakobusstra\u00dfe 4<\/strong><\/p>\n<p style=\"text-align: center;\"><strong>36124 Eichenzell-B\u00fcchenberg<\/strong><\/p>\n<p style=\"text-align: center;\"><strong>musikverein-buechenberg@web.de<\/strong><\/p>\n<p style=\"text-align: center;\"><strong>Handy 0171 4143484<\/strong><\/p>\n<p style=\"text-align: center;\"><img loading=\"lazy\" decoding=\"async\" class=\"ngg-singlepic ngg-none aligncenter\" src=\"https:\/\/musikverein-buechenberg.de\/wp-content\/gallery\/allgemein\/almus.JPG\" alt=\"almus\" width=\"296\" height=\"350\"><\/p>\n<p style=\"text-align: center;\">&nbsp;<\/p>\n","protected":false},"excerpt":{"rendered":"<p>Wichtig! Wir haben ein neues Vorstands-Team (siehe Vorstand) NEUE KONTAKTDATEN F\u00dcR AUFTRITTSANFRAGEN CHRISTIAN HALBLEIB Jakobusstra\u00dfe 4 36124 Eichenzell-B\u00fcchenberg musikverein-buechenberg@web.de Handy 0171 4143484 &nbsp;<\/p>\n","protected":false},"author":1,"featured_media":0,"parent":0,"menu_order":0,"comment_status":"closed","ping_status":"closed","template":"","meta":{"ngg_post_thumbnail":0,"footnotes":""},"class_list":["post-2","page","type-page","status-publish","hentry"],"_links":{"self":[{"href":"https:\/\/musikverein-buechenberg.de\/index.php\/wp-json\/wp\/v2\/pages\/2","targetHints":{"allow":["GET"]}}],"collection":[{"href":"https:\/\/musikverein-buechenberg.de\/index.php\/wp-json\/wp\/v2\/pages"}],"about":[{"href":"https:\/\/musikverein-buechenberg.de\/index.php\/wp-json\/wp\/v2\/types\/page"}],"author":[{"embeddable":true,"href":"https:\/\/musikverein-buechenberg.de\/index.php\/wp-json\/wp\/v2\/users\/1"}],"replies":[{"embeddable":true,"href":"https:\/\/musikverein-buechenberg.de\/index.php\/wp-json\/wp\/v2\/comments?post=2"}],"version-history":[{"count":0,"href":"https:\/\/musikverein-buechenberg.de\/index.php\/wp-json\/wp\/v2\/pages\/2\/revisions"}],"wp:attachment":[{"href":"https:\/\/musikverein-buechenberg.de\/index.php\/wp-json\/wp\/v2\/media?parent=2"}],"curies":[{"name":"wp","href":"https:\/\/api.w.org\/{rel}","templated":true}]}}