{"id":58,"date":"2014-06-05T16:41:49","date_gmt":"2014-06-05T16:41:49","guid":{"rendered":"http:\/\/musikverein-buechenberg.de\/?page_id=58"},"modified":"2020-07-09T07:55:46","modified_gmt":"2020-07-09T07:55:46","slug":"ueber-uns","status":"publish","type":"page","link":"https:\/\/musikverein-buechenberg.de\/index.php\/ueber-uns\/","title":{"rendered":"Ueber uns"},"content":{"rendered":"<p><strong>Vorstellung Musikverein Almuskl\u00e4nge B\u00fcchenberg e. V<\/strong><\/p>\n<p>Der Musikverein Almuskl\u00e4nge B\u00fcchenberg wurde in 1976 gegr\u00fcndet und hat seinen festen Platz in unserem Dorf sowie weit \u00fcber dessen Grenzen hinaus gefunden.<\/p>\n<p>Der Schwerpunkt unseres Vereins ist die Blasmusik, mit der wir religi\u00f6se und kulturelle Ereignisse musikalisch umrahmen. Selbstverst\u00e4ndlich kommt aber auch der gesellige Aspekt nicht zu kurz. Gemeinsame Unternehmungen und Freizeitaktivit\u00e4ten runden unser reges Vereinsleben ab.<\/p>\n<p>Wir sind Mitglied des Hessischen Musikverband e.V. (Mitglied der Bundesvereinigung Deutscher Blas- und Volksmusikverb\u00e4nde) und mit zurzeit 93 Mitgliedern einer der gr\u00f6\u00dften ortsans\u00e4ssigen Vereine in B\u00fcchenberg. Derzeit setzen wir uns aus 19 aktiven Musikerinnen und Musikern zusammen, welche gemeinsam \u00fcber 25 bis 30 Auftritte pro Jahr bew\u00e4ltigen.<\/p>\n<p>Unser musikalisches Repertoire reicht von volkst\u00fcmlicher bis symphonische Blasmusik, Tanz- und Unterhaltungsmusik durch Bereicherung unseres Gesangsduos, Marschmusik bei Festz\u00fcgen, Umrahmung von kirchlichen Anl\u00e4ssen, sowie Fr\u00fchlings- und Weihnachtskonzerte.<\/p>\n<p>Mit nachfolgenden Instrumenten ist unser Verein derzeit besetzt: Querfl\u00f6te, Klarinette, Fl\u00fcgelhorn, Trompete, Tenorhorn, Bariton, Saxophon, Zugposaune, Basstuba, Schlagzeug und Percussion.<\/p>\n<p>Jugendarbeit wird bei uns sehr gro\u00df geschrieben; wie jeder andere Verein bauen auch wir auf unseren Nachwuchs.<\/p>\n<p>Wir unterst\u00fctzen Kinder und Jugendliche die ein Instrument lernen m\u00f6chten mit einer entsprechenden Ausbildung und einer finanziellen Beteiligung. Wir k\u00fcmmern uns um qualifizierte Ausbilder, die den Unterricht wohnortnah in B\u00fcchenberg abhalten! Zudem k\u00f6nnen vereinseigene Instrumente bei Bedarf gestellt werden.<\/p>\n<p>Bei Veranstaltungen wie unseren Sommerfesten am Dorfplatz oder aktuell bei&nbsp;unseren&nbsp;Oktoberfesten &nbsp;unterhalten befreundete Musikvereine, bzw. Alleinunterhalter unsere G\u00e4ste. Doch vorher im Fr\u00fchjahr werden bei einem Fr\u00fchlingskonzert im B\u00fcrgerhaus neu einstudierte Musikst\u00fccke einem breiten Publikum zu Geh\u00f6r gebracht.<\/p>\n<p>Jedes Jahr organisieren wir eine Weihnachtsfeier f\u00fcr die aktiven Mitglieder mit Partner und Kindern sowie f\u00fcr unsere Nachwuchsmusiker\/innen. Gemeinsame Tagesfahrten, spontane Grillabende und Wanderungen oder sonstige Unternehmungen runden unsere Vereinsaktivit\u00e4ten ab.<\/p>\n<p><span style=\"text-decoration: underline;\">Kurzinformationen und Daten (Stand 18.06.2020)<\/span><\/p>\n<p>\u00b7 Vereinsgr\u00fcndung am 01.10.1976<\/p>\n<p>\u00b7 Mitgliederzahl: 93<\/p>\n<p>\u00b7 aktive Musiker:&nbsp; 19<\/p>\n<p>\u00b7 davon Dirigent: &nbsp; 1<\/p>\n<p>\u00b7 davon Gesang:&nbsp; &nbsp; 2<\/p>\n<p>\u00b7&nbsp; Damen:&nbsp; &nbsp; 8 &nbsp; &#8211;&nbsp; &nbsp; &nbsp; Herren:&nbsp; &nbsp; 11<\/p>\n<p>Musikinstrumente: Querfl\u00f6ten, Klarinetten, Fl\u00fcgelh\u00f6rner, Trompete, Tenorh\u00f6rner, Baritone,<\/p>\n<p>Saxophone, Zugposaunen, Basstuba, Schlagzeug, Percussion<\/p>\n<p>Musikst\u00fccke: vielseitiges und abwechslungsreiches Repertoire: von b\u00f6hmischer Blasmusik<\/p>\n<p>bis zu modernen, symphonischen Orchesterarrangements.<\/p>\n<p>Ansprechpartner:<\/p>\n<p>Preis\u00fcbersicht (Endpreis)<\/p>\n<p>\u00b7 -St\u00e4ndchen (Dauer ca. 0,5 Stunden) : 50,00 Euro<\/p>\n<p>\u00b7 -musikalische Unterhaltung mit oder ohne Gesang pro 1 Stunde : 150,00 Euro<\/p>\n<p>\u00b7 -Festumz\u00fcge : 150,00 Euro<\/p>\n<p>Eigene Musikanlage, Boxen und Mikrofone vorhanden. Bei Anfahrtsstrecken \u00fcber 30 km entsprechende Preis\u00e4nderung durch z.B. Bus.<\/p>\n<p>Musikprobe und Ort: derzeit donnerstags im BGH D\u00f6llbach von 20.00 Uhr bis 22.00 Uhr<\/p>\n<p>Anzahl von Auftritten: ca. 25\u201330 musikalische Auftritte im Jahr<\/p>\n<p>Hier nur einige musikalische H\u00f6hepunkte des Vereins aus seiner \u00fcber 40-j\u00e4hrigen Geschichte:<\/p>\n<p>16-19.3.18 Teilnahme an der St.-Patricks-Day Parade in Wicklow\/Irland<\/p>\n<p>04.06.2017 850Jahrfeier Oberkalbach<\/p>\n<p>8-10.10.16 40j\u00e4hriges Vereinsjubil\u00e4um der Almuskl\u00e4nge<\/p>\n<p>06.09.2015 DKMS &#8211; Blutspendeaktion f\u00fcr unsere Christiane<\/p>\n<p>23.05.2015 Konzert der Almuskl\u00e4nge im BGH B\u00fcchenberg<\/p>\n<p>18.05.2014 Weckfresserfest der Gemeinde Eichenzell am Schl\u00f6sschen<\/p>\n<p>*<br \/>\n18.+20.7.12 Festveranstaltung zur 1000Jahrfeier B\u00fcchenberg<br \/>\n*<br \/>\n07.07.2012 Lichterfest im Staatsbad Bad Br\u00fcckenau<br \/>\n*<br \/>\n27.05.2012 Jubil\u00e4um Behindertenverein \/ Rotkreuz Eichenzell<br \/>\n*<br \/>\n20.05.2012 stehender Festzug zur 1000Jahrfeier in Rothemann<br \/>\n*<br \/>\n13.06.2011 Auftritt auf dem Hessentag in Oberursel<br \/>\n*<br \/>\n28.05.2011 Fr\u00fchlingskonzert im B\u00fcchenberger Dorfgemeinschaftshaus<br \/>\n*<br \/>\n19.06.2010 Platzkonzert in B\u00f6hl-Iggelheim (Pfalz)<br \/>\n*<br \/>\n13.06.2010 Auftritt auf der Landesgartenschau in Bad Nauheim<br \/>\n*<br \/>\n07.06.2009 Auftritt auf dem Hessentag in Langenselbold<br \/>\n*<br \/>\n31.05.2008 Fr\u00fchlingskonzert im B\u00fcchenberger Dorfgemeinschaftshaus<br \/>\n*<br \/>\n19.04.2008 Musikkonzert des Musikvereins Thalau<br \/>\n*<br \/>\n01.07.2007 Bundesmusikfest des Musikvereins Mittelrode<br \/>\n*<br \/>\n08.-10.7.06 Musikfest anl\u00e4sslich 30-j\u00e4hirgem Bestehen<br \/>\n*<br \/>\n20.05.2006 Fr\u00fchlingskonzert anl\u00e4sslich 30-j\u00e4hrigem Bestehen<br \/>\n*<br \/>\n11.05.2002 Auftritt auf dem Scheierfescht in B\u00f6hl-Iggelheim (Pfalz)<br \/>\n*<br \/>\n14.-16.7.01 Musikfest anl\u00e4sslich 25-j\u00e4hrigem Bestehen<br \/>\n*<br \/>\n20.05.2000 Auftritt auf dem Scheierfescht in B\u00f6hl-Iggelheim (Pfalz)<br \/>\n*<br \/>\n10.05.1997 Auftritt auf dem Scheierfescht in B\u00f6hl-Iggelheim (Pfalz)<br \/>\n*<br \/>\n07.-09.9.96 Musikfest anl\u00e4sslich 20-j\u00e4hrigem Bestehen<br \/>\n*<br \/>\n09.09.1995 Platzkonzert und Gro\u00dfem Zapfenstreich in B\u00f6hl-Iggelheim (Pfalz)<br \/>\n*<br \/>\n14.05.1994 Auftritt auf dem Scheierfescht in B\u00f6hl-Iggelheim (Pfalz)<br \/>\n*<br \/>\n09.06.1990 Auftritt auf dem Hessentag in Fulda<br \/>\n*<br \/>\n16.-18.3.90 Auftritt auf der Fremdenverkehrsmesse in Bremen<br \/>\n*<br \/>\n05.10.1989 Auftritt auf der Bundesgartenschau in Frankfurt\/Main<br \/>\n*<br \/>\n01.-04.8.86 Musikfest anl\u00e4sslich 10-j\u00e4hrigem Bestehen<br \/>\n*<br \/>\n09.07.1978 Auftritt auf dem Hessentag in Hofgeismar<\/p>\n","protected":false},"excerpt":{"rendered":"<p>Vorstellung Musikverein Almuskl\u00e4nge B\u00fcchenberg e. V Der Musikverein Almuskl\u00e4nge B\u00fcchenberg wurde in 1976 gegr\u00fcndet und hat seinen festen Platz in unserem Dorf sowie weit \u00fcber dessen Grenzen hinaus gefunden. Der Schwerpunkt unseres Vereins ist die Blasmusik, mit der wir religi\u00f6se und kulturelle Ereignisse musikalisch umrahmen. Selbstverst\u00e4ndlich kommt aber auch der gesellige Aspekt nicht zu kurz. &hellip; <a href=\"https:\/\/musikverein-buechenberg.de\/index.php\/ueber-uns\/\" class=\"more-link\"><span class=\"screen-reader-text\">Ueber uns<\/span> weiterlesen <span class=\"meta-nav\">&rarr;<\/span><\/a><\/p>\n","protected":false},"author":1,"featured_media":0,"parent":0,"menu_order":2,"comment_status":"closed","ping_status":"closed","template":"","meta":{"ngg_post_thumbnail":0,"footnotes":""},"class_list":["post-58","page","type-page","status-publish","hentry"],"_links":{"self":[{"href":"https:\/\/musikverein-buechenberg.de\/index.php\/wp-json\/wp\/v2\/pages\/58","targetHints":{"allow":["GET"]}}],"collection":[{"href":"https:\/\/musikverein-buechenberg.de\/index.php\/wp-json\/wp\/v2\/pages"}],"about":[{"href":"https:\/\/musikverein-buechenberg.de\/index.php\/wp-json\/wp\/v2\/types\/page"}],"author":[{"embeddable":true,"href":"https:\/\/musikverein-buechenberg.de\/index.php\/wp-json\/wp\/v2\/users\/1"}],"replies":[{"embeddable":true,"href":"https:\/\/musikverein-buechenberg.de\/index.php\/wp-json\/wp\/v2\/comments?post=58"}],"version-history":[{"count":0,"href":"https:\/\/musikverein-buechenberg.de\/index.php\/wp-json\/wp\/v2\/pages\/58\/revisions"}],"wp:attachment":[{"href":"https:\/\/musikverein-buechenberg.de\/index.php\/wp-json\/wp\/v2\/media?parent=58"}],"curies":[{"name":"wp","href":"https:\/\/api.w.org\/{rel}","templated":true}]}}